{"id":40,"date":"2013-10-17T16:15:19","date_gmt":"2013-10-17T15:15:19","guid":{"rendered":"http:\/\/urlaubsoase-edertal.de\/wordpress\/?page_id=40"},"modified":"2025-09-16T10:50:45","modified_gmt":"2025-09-16T09:50:45","slug":"preise","status":"publish","type":"page","link":"https:\/\/www.urlaubsoase-edertal.de\/?page_id=40","title":{"rendered":"Preise"},"content":{"rendered":"\r\n<p>&nbsp;<\/p>\r\n\r\n\r\n\r\n<p><strong>Preise bis Ende 2026:<\/strong><\/p>\r\n\r\n\r\n\r\n\r\n\r\n\r\n\r\n<figure class=\"wp-block-table\">\r\n<table>\r\n<tbody>\r\n<tr>\r\n<td>\u00a0<\/td>\r\n<td>2 Personen<\/td>\r\n<td>3 Personen<\/td>\r\n<\/tr>\r\n<tr>\r\n<td>2 N\u00e4chte<\/td>\r\n<td>250,- \u20ac<\/td>\r\n<td>280,-\u20ac<\/td>\r\n<\/tr>\r\n<tr>\r\n<td>3 N\u00e4chte<\/td>\r\n<td>315,-\u20ac<\/td>\r\n<td>360,-\u20ac<\/td>\r\n<\/tr>\r\n<tr>\r\n<td>1 Woche<\/td>\r\n<td>595,- \u20ac<\/td>\r\n<td>700,- \u20ac<\/td>\r\n<\/tbody>\r\n<\/table>\r\n<\/figure>\r\n\r\n<p>Alle Nebenkosten, also Bettw\u00e4sche, Handt\u00fccher, Trockent\u00fccher, Wasser, Gas, Strom und Reinigungskosten sind in den Preisen enthalten.<\/p>\r\n<p>Bitte verlassen Sie das Haus besenrein und entleeren die M\u00fclleimer.<\/p>\r\n<p>Im Normalfall ist die Anreise ab 16.00 Uhr m\u00f6glich. Wir bitten, das Haus bis 10.00 Uhr \r\nzu verlassen.<\/p>\r\n<p>Vielen Dank<\/p>\r\n<p>&nbsp;<\/p>\r\n<p>Gerne k\u00f6nnen Sie uns anrufen:\u00a0<\/p>\r\n<p>Bernward Pultar: 02661 20155 \u00a0oder\u00a0 0160 91726631<\/p>","protected":false},"excerpt":{"rendered":"<p>&nbsp; Preise bis Ende 2026: \u00a0 2 Personen 3 Personen 2 N\u00e4chte 250,- \u20ac 280,-\u20ac 3 N\u00e4chte 315,-\u20ac 360,-\u20ac 1 Woche 595,- \u20ac 700,- \u20ac Alle Nebenkosten, also Bettw\u00e4sche, Handt\u00fccher, Trockent\u00fccher, Wasser, Gas, Strom und Reinigungskosten sind in den Preisen enthalten. Bitte verlassen Sie das Haus besenrein und entleeren die M\u00fclleimer. Im Normalfall ist die [&hellip;]<\/p>\n","protected":false},"author":1,"featured_media":0,"parent":0,"menu_order":4,"comment_status":"closed","ping_status":"open","template":"","meta":{"footnotes":""},"class_list":["post-40","page","type-page","status-publish","hentry"],"_links":{"self":[{"href":"https:\/\/www.urlaubsoase-edertal.de\/index.php?rest_route=\/wp\/v2\/pages\/40","targetHints":{"allow":["GET"]}}],"collection":[{"href":"https:\/\/www.urlaubsoase-edertal.de\/index.php?rest_route=\/wp\/v2\/pages"}],"about":[{"href":"https:\/\/www.urlaubsoase-edertal.de\/index.php?rest_route=\/wp\/v2\/types\/page"}],"author":[{"embeddable":true,"href":"https:\/\/www.urlaubsoase-edertal.de\/index.php?rest_route=\/wp\/v2\/users\/1"}],"replies":[{"embeddable":true,"href":"https:\/\/www.urlaubsoase-edertal.de\/index.php?rest_route=%2Fwp%2Fv2%2Fcomments&post=40"}],"version-history":[{"count":167,"href":"https:\/\/www.urlaubsoase-edertal.de\/index.php?rest_route=\/wp\/v2\/pages\/40\/revisions"}],"predecessor-version":[{"id":1075,"href":"https:\/\/www.urlaubsoase-edertal.de\/index.php?rest_route=\/wp\/v2\/pages\/40\/revisions\/1075"}],"wp:attachment":[{"href":"https:\/\/www.urlaubsoase-edertal.de\/index.php?rest_route=%2Fwp%2Fv2%2Fmedia&parent=40"}],"curies":[{"name":"wp","href":"https:\/\/api.w.org\/{rel}","templated":true}]}}