{"id":61,"date":"2013-10-17T17:05:35","date_gmt":"2013-10-17T15:05:35","guid":{"rendered":"http:\/\/urlaubsoase-edertal.de\/wordpress\/?page_id=61"},"modified":"2022-08-14T17:16:23","modified_gmt":"2022-08-14T16:16:23","slug":"kueche","status":"publish","type":"page","link":"https:\/\/www.urlaubsoase-edertal.de\/?page_id=61","title":{"rendered":"K\u00fcche"},"content":{"rendered":"\r\n<figure class=\"wp-block-image size-large is-resized\"><img loading=\"lazy\" decoding=\"async\" class=\"wp-image-938\" src=\"https:\/\/www.urlaubsoase-edertal.de\/wp-content\/uploads\/2020\/08\/3DC1AC32-D4A5-420A-99E1-F75FDBCCAAF0_1_201_a-1024x768.jpeg\" alt=\"\" width=\"617\" height=\"462\" srcset=\"https:\/\/www.urlaubsoase-edertal.de\/wp-content\/uploads\/2020\/08\/3DC1AC32-D4A5-420A-99E1-F75FDBCCAAF0_1_201_a-1024x768.jpeg 1024w, https:\/\/www.urlaubsoase-edertal.de\/wp-content\/uploads\/2020\/08\/3DC1AC32-D4A5-420A-99E1-F75FDBCCAAF0_1_201_a-300x225.jpeg 300w, https:\/\/www.urlaubsoase-edertal.de\/wp-content\/uploads\/2020\/08\/3DC1AC32-D4A5-420A-99E1-F75FDBCCAAF0_1_201_a-768x576.jpeg 768w, https:\/\/www.urlaubsoase-edertal.de\/wp-content\/uploads\/2020\/08\/3DC1AC32-D4A5-420A-99E1-F75FDBCCAAF0_1_201_a.jpeg 1280w\" sizes=\"auto, (max-width: 617px) 100vw, 617px\" \/>\r\n<figcaption><strong>Komplett ausgestattet mit Esspl\u00e4tzen f\u00fcr bis zu vier Personen<\/strong>:<\/figcaption>\r\n<\/figure>\r\n\r\n\r\n\r\n<ul class=\"wp-block-list\">\r\n<li>Ceranfeld mit 4 Kochstellen, Einbauherd mit Grill und Backofen<\/li>\r\n<li>Edelstahlsp\u00fcle und Geschirrsp\u00fclmaschine<\/li>\r\n<li>K\u00fchlschrank mit Gefrierfach<\/li>\r\n<li>Toaster,\u00a0Mikrowelle,\u00a0Wasserkocher<\/li>\r\n<li>SENSEO\u00ae-Switch f\u00fcr Senseo-Kaffeepads und normalen Filterkaffee<\/li>\r\n<\/ul>\r\n","protected":false},"excerpt":{"rendered":"<p>Ceranfeld mit 4 Kochstellen, Einbauherd mit Grill und Backofen Edelstahlsp\u00fcle und Geschirrsp\u00fclmaschine K\u00fchlschrank mit Gefrierfach Toaster,\u00a0Mikrowelle,\u00a0Wasserkocher SENSEO\u00ae-Switch f\u00fcr Senseo-Kaffeepads und normalen Filterkaffee<\/p>\n","protected":false},"author":1,"featured_media":0,"parent":34,"menu_order":3,"comment_status":"closed","ping_status":"open","template":"","meta":{"footnotes":""},"class_list":["post-61","page","type-page","status-publish","hentry"],"_links":{"self":[{"href":"https:\/\/www.urlaubsoase-edertal.de\/index.php?rest_route=\/wp\/v2\/pages\/61","targetHints":{"allow":["GET"]}}],"collection":[{"href":"https:\/\/www.urlaubsoase-edertal.de\/index.php?rest_route=\/wp\/v2\/pages"}],"about":[{"href":"https:\/\/www.urlaubsoase-edertal.de\/index.php?rest_route=\/wp\/v2\/types\/page"}],"author":[{"embeddable":true,"href":"https:\/\/www.urlaubsoase-edertal.de\/index.php?rest_route=\/wp\/v2\/users\/1"}],"replies":[{"embeddable":true,"href":"https:\/\/www.urlaubsoase-edertal.de\/index.php?rest_route=%2Fwp%2Fv2%2Fcomments&post=61"}],"version-history":[{"count":22,"href":"https:\/\/www.urlaubsoase-edertal.de\/index.php?rest_route=\/wp\/v2\/pages\/61\/revisions"}],"predecessor-version":[{"id":1041,"href":"https:\/\/www.urlaubsoase-edertal.de\/index.php?rest_route=\/wp\/v2\/pages\/61\/revisions\/1041"}],"up":[{"embeddable":true,"href":"https:\/\/www.urlaubsoase-edertal.de\/index.php?rest_route=\/wp\/v2\/pages\/34"}],"wp:attachment":[{"href":"https:\/\/www.urlaubsoase-edertal.de\/index.php?rest_route=%2Fwp%2Fv2%2Fmedia&parent=61"}],"curies":[{"name":"wp","href":"https:\/\/api.w.org\/{rel}","templated":true}]}}